{"id":6,"date":"2012-07-19T12:48:25","date_gmt":"2012-07-19T12:48:25","guid":{"rendered":"http:\/\/www.cssigniter.com\/preview\/aegean\/?page_id=6"},"modified":"2023-05-24T09:08:09","modified_gmt":"2023-05-24T09:08:09","slug":"homepage","status":"publish","type":"page","link":"https:\/\/algaapartmentsvienna.com\/de\/","title":{"rendered":"Willkommen in den Alga Apartments am Westbahnhof"},"content":{"rendered":"<p>Die Alga Apartments am Westbahnhof erwarten Sie direkt an der Mariahilfer Stra\u00dfe in Wien. Freuen Sie sich auf Unterk\u00fcnfte zur Selbstverpflegung mit Stadtblick. WLAN steht Ihnen kostenlos zur Verf\u00fcgung. Die Unterkunft befindet sich 450 m vom Raimundtheater und 550 m vom Wiener Westbahnhof entfernt.<\/p>\n<p>Alle Wohneinheiten verf\u00fcgen \u00fcber einen Flachbild-Sat-TV, eine voll ausgestattete K\u00fcchenzeile mit einem Geschirrsp\u00fcler und einem Backofen, ein B\u00fcgeleisen\/-brett, ein Sofa sowie einen Schreibtisch. Ihr Bad ist mit einer Dusche, einem Haartrockner und Handt\u00fcchern ausgestattet. Die Wohneinheiten sind auch mit dem Aufzug erreichbar.<\/p>\n<p>Die U-Bahn-Station Westbahnhof erreichen Sie von den Alga Apartments am Westbahnhof nach einem 5-min\u00fctigen Spaziergang. Zum internationalen Flughafen Wien-Schwechat sind es 24 km.<\/p>","protected":false},"excerpt":{"rendered":"<p>Alga Apartments am Westbahnhof is a self-catering accommodation located in Vienna, directly at Mariahilfer Stra\u00dfe. Free WiFi access is available on-site. The property is 450 m away from Raimund Theater and 550 m away from Wien Westbahnhof Railway Station. All units feature a flat-screen TV with satellite channels, a fully&#8230;<\/p>","protected":false},"author":1,"featured_media":427,"parent":0,"menu_order":0,"comment_status":"closed","ping_status":"closed","template":"template-front.php","meta":{"footnotes":""},"class_list":["post-6","page","type-page","status-publish","has-post-thumbnail","hentry"],"yoast_head":"<!-- This site is optimized with the Yoast SEO plugin v27.4 - https:\/\/yoast.com\/product\/yoast-seo-wordpress\/ -->\n<title>Welcome to Alga Apartments am Westbahnhof - Alga apartments<\/title>\n<meta name=\"description\" content=\"Discover the modern and comfortable Alga Apartments near Vienna&#039;s Westbahnhof train station, situated in the trendy Mariahilfer Stra\u00dfe area. Experience city living at its finest with our stylishly furnished apartments for short or long stays.\" \/>\n<meta name=\"robots\" content=\"index, follow, max-snippet:-1, max-image-preview:large, max-video-preview:-1\" \/>\n<link rel=\"canonical\" href=\"https:\/\/algaapartmentsvienna.com\/de\/\" \/>\n<meta property=\"og:locale\" content=\"de_DE\" \/>\n<meta property=\"og:type\" content=\"article\" \/>\n<meta property=\"og:title\" content=\"Welcome to Alga Apartments am Westbahnhof - Alga apartments\" \/>\n<meta property=\"og:description\" content=\"Discover the modern and comfortable Alga Apartments near Vienna&#039;s Westbahnhof train station, situated in the trendy Mariahilfer Stra\u00dfe area. Experience city living at its finest with our stylishly furnished apartments for short or long stays.\" \/>\n<meta property=\"og:url\" content=\"https:\/\/algaapartmentsvienna.com\/de\/\" \/>\n<meta property=\"og:site_name\" content=\"Alga apartments\" \/>\n<meta property=\"article:publisher\" content=\"https:\/\/www.facebook.com\/profile.php?id=100070092697371\" \/>\n<meta property=\"article:modified_time\" content=\"2023-05-24T09:08:09+00:00\" \/>\n<meta property=\"og:image\" content=\"https:\/\/algaapartmentsvienna.com\/wp-content\/uploads\/2023\/05\/43782551.jpg\" \/>\n\t<meta property=\"og:image:width\" content=\"1024\" \/>\n\t<meta property=\"og:image:height\" content=\"681\" \/>\n\t<meta property=\"og:image:type\" content=\"image\/jpeg\" \/>\n<meta name=\"twitter:card\" content=\"summary_large_image\" \/>\n<meta name=\"twitter:label1\" content=\"Gesch\u00e4tzte Lesezeit\" \/>\n\t<meta name=\"twitter:data1\" content=\"1 Minute\" \/>\n<script type=\"application\/ld+json\" class=\"yoast-schema-graph\">{\"@context\":\"https:\\\/\\\/schema.org\",\"@graph\":[{\"@type\":\"WebPage\",\"@id\":\"https:\\\/\\\/algaapartmentsvienna.com\\\/\",\"url\":\"https:\\\/\\\/algaapartmentsvienna.com\\\/\",\"name\":\"Welcome to Alga Apartments am Westbahnhof - Alga apartments\",\"isPartOf\":{\"@id\":\"https:\\\/\\\/algaapartmentsvienna.com\\\/#website\"},\"primaryImageOfPage\":{\"@id\":\"https:\\\/\\\/algaapartmentsvienna.com\\\/#primaryimage\"},\"image\":{\"@id\":\"https:\\\/\\\/algaapartmentsvienna.com\\\/#primaryimage\"},\"thumbnailUrl\":\"https:\\\/\\\/algaapartmentsvienna.com\\\/wp-content\\\/uploads\\\/2023\\\/05\\\/43782551.jpg\",\"datePublished\":\"2012-07-19T12:48:25+00:00\",\"dateModified\":\"2023-05-24T09:08:09+00:00\",\"description\":\"Discover the modern and comfortable Alga Apartments near Vienna's Westbahnhof train station, situated in the trendy Mariahilfer Stra\u00dfe area. Experience city living at its finest with our stylishly furnished apartments for short or long stays.\",\"breadcrumb\":{\"@id\":\"https:\\\/\\\/algaapartmentsvienna.com\\\/#breadcrumb\"},\"inLanguage\":\"de-AT\",\"potentialAction\":[{\"@type\":\"ReadAction\",\"target\":[\"https:\\\/\\\/algaapartmentsvienna.com\\\/\"]}]},{\"@type\":\"ImageObject\",\"inLanguage\":\"de-AT\",\"@id\":\"https:\\\/\\\/algaapartmentsvienna.com\\\/#primaryimage\",\"url\":\"https:\\\/\\\/algaapartmentsvienna.com\\\/wp-content\\\/uploads\\\/2023\\\/05\\\/43782551.jpg\",\"contentUrl\":\"https:\\\/\\\/algaapartmentsvienna.com\\\/wp-content\\\/uploads\\\/2023\\\/05\\\/43782551.jpg\",\"width\":1024,\"height\":681,\"caption\":\"Alga Apartments am Westbahnhof picture 1\"},{\"@type\":\"BreadcrumbList\",\"@id\":\"https:\\\/\\\/algaapartmentsvienna.com\\\/#breadcrumb\",\"itemListElement\":[{\"@type\":\"ListItem\",\"position\":1,\"name\":\"Home\",\"item\":\"https:\\\/\\\/algaapartmentsvienna.com\\\/\"},{\"@type\":\"ListItem\",\"position\":2,\"name\":\"Welcome to Alga Apartments am Westbahnhof\"}]},{\"@type\":\"WebSite\",\"@id\":\"https:\\\/\\\/algaapartmentsvienna.com\\\/#website\",\"url\":\"https:\\\/\\\/algaapartmentsvienna.com\\\/\",\"name\":\"Alga apartments\",\"description\":\"Alga Apartments am Westbahnhof\",\"publisher\":{\"@id\":\"https:\\\/\\\/algaapartmentsvienna.com\\\/#organization\"},\"potentialAction\":[{\"@type\":\"SearchAction\",\"target\":{\"@type\":\"EntryPoint\",\"urlTemplate\":\"https:\\\/\\\/algaapartmentsvienna.com\\\/?s={search_term_string}\"},\"query-input\":{\"@type\":\"PropertyValueSpecification\",\"valueRequired\":true,\"valueName\":\"search_term_string\"}}],\"inLanguage\":\"de-AT\"},{\"@type\":\"Organization\",\"@id\":\"https:\\\/\\\/algaapartmentsvienna.com\\\/#organization\",\"name\":\"Alga apartments\",\"url\":\"https:\\\/\\\/algaapartmentsvienna.com\\\/\",\"logo\":{\"@type\":\"ImageObject\",\"inLanguage\":\"de-AT\",\"@id\":\"https:\\\/\\\/algaapartmentsvienna.com\\\/#\\\/schema\\\/logo\\\/image\\\/\",\"url\":\"https:\\\/\\\/algaapartmentsvienna.com\\\/wp-content\\\/uploads\\\/2023\\\/05\\\/logo-1.png\",\"contentUrl\":\"https:\\\/\\\/algaapartmentsvienna.com\\\/wp-content\\\/uploads\\\/2023\\\/05\\\/logo-1.png\",\"width\":148,\"height\":43,\"caption\":\"Alga apartments\"},\"image\":{\"@id\":\"https:\\\/\\\/algaapartmentsvienna.com\\\/#\\\/schema\\\/logo\\\/image\\\/\"},\"sameAs\":[\"https:\\\/\\\/www.facebook.com\\\/profile.php?id=100070092697371\"]}]}<\/script>\n<!-- \/ Yoast SEO plugin. -->","yoast_head_json":{"title":"Welcome to Alga Apartments am Westbahnhof - Alga apartments","description":"Discover the modern and comfortable Alga Apartments near Vienna's Westbahnhof train station, situated in the trendy Mariahilfer Stra\u00dfe area. Experience city living at its finest with our stylishly furnished apartments for short or long stays.","robots":{"index":"index","follow":"follow","max-snippet":"max-snippet:-1","max-image-preview":"max-image-preview:large","max-video-preview":"max-video-preview:-1"},"canonical":"https:\/\/algaapartmentsvienna.com\/de\/","og_locale":"de_DE","og_type":"article","og_title":"Welcome to Alga Apartments am Westbahnhof - Alga apartments","og_description":"Discover the modern and comfortable Alga Apartments near Vienna's Westbahnhof train station, situated in the trendy Mariahilfer Stra\u00dfe area. Experience city living at its finest with our stylishly furnished apartments for short or long stays.","og_url":"https:\/\/algaapartmentsvienna.com\/de\/","og_site_name":"Alga apartments","article_publisher":"https:\/\/www.facebook.com\/profile.php?id=100070092697371","article_modified_time":"2023-05-24T09:08:09+00:00","og_image":[{"width":1024,"height":681,"url":"https:\/\/algaapartmentsvienna.com\/wp-content\/uploads\/2023\/05\/43782551.jpg","type":"image\/jpeg"}],"twitter_card":"summary_large_image","twitter_misc":{"Gesch\u00e4tzte Lesezeit":"1 Minute"},"schema":{"@context":"https:\/\/schema.org","@graph":[{"@type":"WebPage","@id":"https:\/\/algaapartmentsvienna.com\/","url":"https:\/\/algaapartmentsvienna.com\/","name":"Welcome to Alga Apartments am Westbahnhof - Alga apartments","isPartOf":{"@id":"https:\/\/algaapartmentsvienna.com\/#website"},"primaryImageOfPage":{"@id":"https:\/\/algaapartmentsvienna.com\/#primaryimage"},"image":{"@id":"https:\/\/algaapartmentsvienna.com\/#primaryimage"},"thumbnailUrl":"https:\/\/algaapartmentsvienna.com\/wp-content\/uploads\/2023\/05\/43782551.jpg","datePublished":"2012-07-19T12:48:25+00:00","dateModified":"2023-05-24T09:08:09+00:00","description":"Discover the modern and comfortable Alga Apartments near Vienna's Westbahnhof train station, situated in the trendy Mariahilfer Stra\u00dfe area. Experience city living at its finest with our stylishly furnished apartments for short or long stays.","breadcrumb":{"@id":"https:\/\/algaapartmentsvienna.com\/#breadcrumb"},"inLanguage":"de-AT","potentialAction":[{"@type":"ReadAction","target":["https:\/\/algaapartmentsvienna.com\/"]}]},{"@type":"ImageObject","inLanguage":"de-AT","@id":"https:\/\/algaapartmentsvienna.com\/#primaryimage","url":"https:\/\/algaapartmentsvienna.com\/wp-content\/uploads\/2023\/05\/43782551.jpg","contentUrl":"https:\/\/algaapartmentsvienna.com\/wp-content\/uploads\/2023\/05\/43782551.jpg","width":1024,"height":681,"caption":"Alga Apartments am Westbahnhof picture 1"},{"@type":"BreadcrumbList","@id":"https:\/\/algaapartmentsvienna.com\/#breadcrumb","itemListElement":[{"@type":"ListItem","position":1,"name":"Home","item":"https:\/\/algaapartmentsvienna.com\/"},{"@type":"ListItem","position":2,"name":"Welcome to Alga Apartments am Westbahnhof"}]},{"@type":"WebSite","@id":"https:\/\/algaapartmentsvienna.com\/#website","url":"https:\/\/algaapartmentsvienna.com\/","name":"Alga apartments","description":"Alga Apartments am Westbahnhof","publisher":{"@id":"https:\/\/algaapartmentsvienna.com\/#organization"},"potentialAction":[{"@type":"SearchAction","target":{"@type":"EntryPoint","urlTemplate":"https:\/\/algaapartmentsvienna.com\/?s={search_term_string}"},"query-input":{"@type":"PropertyValueSpecification","valueRequired":true,"valueName":"search_term_string"}}],"inLanguage":"de-AT"},{"@type":"Organization","@id":"https:\/\/algaapartmentsvienna.com\/#organization","name":"Alga apartments","url":"https:\/\/algaapartmentsvienna.com\/","logo":{"@type":"ImageObject","inLanguage":"de-AT","@id":"https:\/\/algaapartmentsvienna.com\/#\/schema\/logo\/image\/","url":"https:\/\/algaapartmentsvienna.com\/wp-content\/uploads\/2023\/05\/logo-1.png","contentUrl":"https:\/\/algaapartmentsvienna.com\/wp-content\/uploads\/2023\/05\/logo-1.png","width":148,"height":43,"caption":"Alga apartments"},"image":{"@id":"https:\/\/algaapartmentsvienna.com\/#\/schema\/logo\/image\/"},"sameAs":["https:\/\/www.facebook.com\/profile.php?id=100070092697371"]}]}},"_links":{"self":[{"href":"https:\/\/algaapartmentsvienna.com\/de\/wp-json\/wp\/v2\/pages\/6","targetHints":{"allow":["GET"]}}],"collection":[{"href":"https:\/\/algaapartmentsvienna.com\/de\/wp-json\/wp\/v2\/pages"}],"about":[{"href":"https:\/\/algaapartmentsvienna.com\/de\/wp-json\/wp\/v2\/types\/page"}],"author":[{"embeddable":true,"href":"https:\/\/algaapartmentsvienna.com\/de\/wp-json\/wp\/v2\/users\/1"}],"replies":[{"embeddable":true,"href":"https:\/\/algaapartmentsvienna.com\/de\/wp-json\/wp\/v2\/comments?post=6"}],"version-history":[{"count":3,"href":"https:\/\/algaapartmentsvienna.com\/de\/wp-json\/wp\/v2\/pages\/6\/revisions"}],"predecessor-version":[{"id":438,"href":"https:\/\/algaapartmentsvienna.com\/de\/wp-json\/wp\/v2\/pages\/6\/revisions\/438"}],"wp:featuredmedia":[{"embeddable":true,"href":"https:\/\/algaapartmentsvienna.com\/de\/wp-json\/wp\/v2\/media\/427"}],"wp:attachment":[{"href":"https:\/\/algaapartmentsvienna.com\/de\/wp-json\/wp\/v2\/media?parent=6"}],"curies":[{"name":"wp","href":"https:\/\/api.w.org\/{rel}","templated":true}]}}